{"id":10092,"date":"2024-05-04T05:58:07","date_gmt":"2024-05-04T03:58:07","guid":{"rendered":"https:\/\/fatglow.com\/pravila-o-privatnosti\/"},"modified":"2025-10-19T22:51:28","modified_gmt":"2025-10-19T20:51:28","slug":"pravila-o-privatnosti","status":"publish","type":"page","link":"https:\/\/fatglow.com\/hr\/pravila-o-privatnosti\/","title":{"rendered":"Pravila o privatnosti"},"content":{"rendered":"\t\t<div data-elementor-type=\"wp-page\" data-elementor-id=\"10092\" class=\"elementor elementor-10092 elementor-3424\" data-elementor-post-type=\"page\">\n\t\t\t\t<div class=\"elementor-element elementor-element-bdd99b9 e-flex e-con-boxed e-con e-parent\" data-id=\"bdd99b9\" data-element_type=\"container\" data-e-type=\"container\" data-settings=\"{&quot;background_background&quot;:&quot;classic&quot;}\">\n\t\t\t\t\t<div class=\"e-con-inner\">\n\t\t\t\t<div class=\"elementor-element elementor-element-114f29c elementor-widget elementor-widget-heading\" data-id=\"114f29c\" data-element_type=\"widget\" data-e-type=\"widget\" data-widget_type=\"heading.default\">\n\t\t\t\t\t<h1 class=\"elementor-heading-title elementor-size-default\">Pravila o privatnosti<\/h1>\t\t\t\t<\/div>\n\t\t\t\t<div class=\"elementor-element elementor-element-04b4b93 elementor-widget elementor-widget-text-editor\" data-id=\"04b4b93\" data-element_type=\"widget\" data-e-type=\"widget\" data-widget_type=\"text-editor.default\">\n\t\t\t\t\t\t\t\t\t<p>Tvrtka Fatglow obvezuje se \u0161tititi sve osobne podatke prenesene putem web stranice u skladu s va\u017ee\u0107im zakonodavstvom. Sve osobne podatke koje nam dostavite tretiramo strogo povjerljivo i isklju\u010divo u svrhu za koju su nam dostavljeni.<\/p><p>Obavje\u0161tavamo korisnike na\u0161e web stranice da se sljede\u0107i neosobni podaci automatski bilje\u017ee kada posjetite na\u0161u web stranicu: naziv davatelja internetskih usluga i IP adresa putem koje pristupate internetu, datum i vrijeme va\u0161eg posjeta, web stranice kojima pristupate dok ste na ovoj web stranici i internetska adresa web stranice s koje ste izravno do\u0161li na na\u0161u stranicu. Ovi se podaci prikupljaju u svrhu pobolj\u0161anja sadr\u017eaja web stranice, analize korisni\u010dkih potreba i administracije.<\/p><p>Prilikom obrade svih izravno i neizravno prenesenih osobnih podataka, obvezani smo Zakonom o za\u0161titi osobnih podataka (ZVOP-1), koji odre\u0111uje prava, obveze, na\u010dela i mjere koje sprje\u010davaju neustavno, nezakonito i neopravdano mije\u0161anje u privatnost i dostojanstvo pojedinaca prilikom obrade osobnih podataka.<\/p><h5>ODGOVORNOST<\/h5><p>Sadr\u017eaj Fatglow web stranica pru\u017ea se i odr\u017eava s najve\u0107om mogu\u0107om pa\u017enjom. Bez obzira na to, Fatglow ne jam\u010di to\u010dnost, pravovremenost ili potpunost svih informacija na web stranicama. Fatglow tako\u0111er nije odgovoran za povremene prekide rada stranice, bilo kakve neto\u010dne informacije ili bilo kakvu \u0161tetu uzrokovanu kori\u0161tenjem neto\u010dnih, zastarjelih ili nepotpunih informacija. Fatglow, niti bilo koja pravna ili fizi\u010dka osoba koja je sudjelovala u stvaranju sadr\u017eaja web stranica, ne odgovara za bilo kakvu \u0161tetu koja nastane pristupom, kori\u0161tenjem ili nemogu\u0107no\u0161\u0107u kori\u0161tenja informacija na tim web stranicama ili za bilo kakve pogre\u0161ke ili nedostatke u njihovom sadr\u017eaju.<br> Obavje\u0161tavamo korisnike web stranice da se sve informacije na ovim web stranicama mogu promijeniti bez prethodne najave te da je sav sadr\u017eaj za\u0161ti\u0107en autorskim pravima za\u0161ti\u0107en Zakonom o autorskim i srodnim pravima (ZASP).<\/p><h5>KOLA\u010cI\u0106I<\/h5><p>Kola\u010di\u0107i su male datoteke s informacijama koje se privremeno pohranjuju na va\u0161em ra\u010dunalu. Ne dobivate obavijest kada se kola\u010di\u0107i postave na va\u0161e ra\u010dunalo. Glavna svrha kola\u010di\u0107a je da web poslu\u017eitelji prepoznaju va\u0161e ra\u010dunalo i web preglednik, prilagode web stranicu te osiguraju jednostavnost i brzinu. Kola\u010di\u0107i nam omogu\u0107uju da vam prika\u017eemo to\u010dne informacije koje tra\u017eite i koje vas zanimaju. Prikupljanjem i pam\u0107enjem informacija o va\u0161im postavkama web-mjesta pomo\u0107u kola\u010di\u0107a mo\u017eemo vam pru\u017eiti bolje iskustvo kori\u0161tenja web-mjesta i marketinga. Kola\u010di\u0107i nam ne daju pristup va\u0161em ra\u010dunalu, a informacije koje prikupljamo putem kola\u010di\u0107a ne uklju\u010duju osobne podatke.<br> Za potrebe web stranice Fatglow koristimo sljede\u0107e kola\u010di\u0107e:<\/p><h5>Kola\u010di\u0107 sesije<\/h5><p>Potrebno za rad sustava za ure\u0111ivanje i prikaz sadr\u017eaja. Ovaj kola\u010di\u0107 osigurava ispravan prijem elektroni\u010dkih poruka i sadr\u017eaja na web stranici. Kola\u010di\u0107 se bri\u0161e kada korisnik napusti web stranicu.<\/p><h5>Kola\u010di\u0107i za pam\u0107enje korisni\u010dkih preferencija<\/h5><p>Kola\u010di\u0107e koristimo za pam\u0107enje korisni\u010dkih postavki, kao \u0161to su: kola\u010di\u0107 koji sadr\u017ei informacije o prihva\u0107anju ili odbijanju kola\u010di\u0107a.<\/p><h5>Kola\u010di\u0107i Google karata<\/h5><p>Kola\u010di\u0107e koristimo za pam\u0107enje korisni\u010dkih postavki na ugra\u0111enim kartama.<\/p><h5>Kako upravljati kola\u010di\u0107ima?<\/h5><p>Ve\u0107ina web preglednika vam omogu\u0107uje postavljanje kola\u010di\u0107a. Kola\u010di\u0107e mo\u017eete odbiti ili prihvatiti pomo\u0107u funkcionalnosti ugra\u0111ene u web preglednike. Ako odbijete kola\u010di\u0107e, mo\u017eete nastaviti koristiti na\u0161u web stranicu, ali odre\u0111ene podstranice ne\u0107e funkcionirati.<\/p><p>U nastavku su poveznice s uputama o tome kako onemogu\u0107iti kola\u010di\u0107e u va\u0161em web pregledniku.<br> \u2022 <a href=\"https:\/\/support.mozilla.org\/en-US\/kb\/cookies-information-websites-store-on-your-computer?redirectlocale=en-US&amp;redirectslug=Cookies\" target=\"_blank\" rel=\"noopener\">Mozilla Firefox<\/a><br> \u2022 <a href=\"https:\/\/support.google.com\/chrome\/answer\/95647?hl=en\" target=\"_blank\" rel=\"noopener\">Krom<\/a><br> \u2022 <a href=\"https:\/\/support.apple.com\/guide\/safari\/manage-cookies-sfri11471\/mac\" target=\"_blank\" rel=\"noopener\">Safari<\/a><\/p><h5>GDPR<\/h5><p>Na temelju nove EU direktive &#8211; GDPR-a (vi\u0161e o GDPR-u mo\u017eete pro\u010ditati na ovoj poveznici), nudimo vam mogu\u0107nost brisanja osobnih podataka prikupljenih tijekom registracije u bilo kojem trenutku.<br><br> \u010cak i ako ne izbri\u0161ete ove osobne podatke, podaci su sigurni, tako da se koriste samo za dostavu na \u017eeljenu adresu.<br> U slu\u010daju bilo kakve povrede podataka ili zlouporabe, korisnik \u0107e biti obavije\u0161ten.<\/p>\t\t\t\t\t\t\t\t<\/div>\n\t\t\t\t\t<\/div>\n\t\t\t\t<\/div>\n\t\t\t\t<\/div>\n\t\t","protected":false},"excerpt":{"rendered":"<p>Pravila o privatnosti Tvrtka Fatglow obvezuje se \u0161tititi sve osobne podatke prenesene putem web stranice u skladu s va\u017ee\u0107im zakonodavstvom. Sve osobne podatke koje nam dostavite tretiramo strogo povjerljivo i isklju\u010divo u svrhu za koju su nam dostavljeni. Obavje\u0161tavamo korisnike na\u0161e web stranice da se sljede\u0107i neosobni podaci automatski bilje\u017ee kada posjetite na\u0161u web stranicu: [&hellip;]<\/p>\n","protected":false},"author":2,"featured_media":0,"parent":0,"menu_order":0,"comment_status":"closed","ping_status":"closed","template":"","meta":{"listicle_subtitle":"","listicle_heading":"","listicle_intro":"","listicle_points":[],"listicle_closing":"","cta_headline":"","footnotes":""},"tip-strani":[],"class_list":["post-10092","page","type-page","status-publish","hentry"],"_links":{"self":[{"href":"https:\/\/fatglow.com\/hr\/wp-json\/wp\/v2\/pages\/10092","targetHints":{"allow":["GET"]}}],"collection":[{"href":"https:\/\/fatglow.com\/hr\/wp-json\/wp\/v2\/pages"}],"about":[{"href":"https:\/\/fatglow.com\/hr\/wp-json\/wp\/v2\/types\/page"}],"author":[{"embeddable":true,"href":"https:\/\/fatglow.com\/hr\/wp-json\/wp\/v2\/users\/2"}],"replies":[{"embeddable":true,"href":"https:\/\/fatglow.com\/hr\/wp-json\/wp\/v2\/comments?post=10092"}],"version-history":[{"count":0,"href":"https:\/\/fatglow.com\/hr\/wp-json\/wp\/v2\/pages\/10092\/revisions"}],"wp:attachment":[{"href":"https:\/\/fatglow.com\/hr\/wp-json\/wp\/v2\/media?parent=10092"}],"wp:term":[{"taxonomy":"tip-strani","embeddable":true,"href":"https:\/\/fatglow.com\/hr\/wp-json\/wp\/v2\/tip-strani?post=10092"}],"curies":[{"name":"wp","href":"https:\/\/api.w.org\/{rel}","templated":true}]}}